{"id":8245,"date":"2021-11-15T15:28:23","date_gmt":"2021-11-15T15:28:23","guid":{"rendered":"https:\/\/flaigg.ch\/?page_id=8245"},"modified":"2021-11-15T15:28:23","modified_gmt":"2021-11-15T15:28:23","slug":"stabilo-sac-avec-soudage-posterieur","status":"publish","type":"page","link":"https:\/\/flaigg.ch\/fr\/stabilo-sac-avec-soudage-posterieur\/","title":{"rendered":"STABILO Sac avec soudage post\u00e9rieur"},"content":{"rendered":"<p>[vc_row][vc_column width=\u00a0\u00bb1\/2&Prime;][vc_single_image image=\u00a0\u00bb8045&Prime; img_size=\u00a0\u00bbmedium\u00a0\u00bb title=\u00a0\u00bbTypes possibles de sac\u00a0\u00bb][\/vc_column][vc_column width=\u00a0\u00bb1\/2&Prime;][vc_single_image image=\u00a0\u00bb8047&Prime; img_size=\u00a0\u00bbfull\u00a0\u00bb alignment=\u00a0\u00bbright\u00a0\u00bb css_animation=\u00a0\u00bbbounceInLeft\u00a0\u00bb][\/vc_column][\/vc_row][vc_row][vc_column]<div role=\"form\" class=\"wpcf7\" id=\"wpcf7-f8208-o1\" lang=\"en-US\" dir=\"ltr\">\n<div class=\"screen-reader-response\"><p role=\"status\" aria-live=\"polite\" aria-atomic=\"true\"><\/p> <ul><\/ul><\/div>\n<form action=\"\/fr\/wp-json\/wp\/v2\/pages\/8245#wpcf7-f8208-o1\" method=\"post\" class=\"wpcf7-form init\" novalidate=\"novalidate\" data-status=\"init\">\n<div style=\"display: none;\">\n<input type=\"hidden\" name=\"_wpcf7\" value=\"8208\" \/>\n<input type=\"hidden\" name=\"_wpcf7_version\" value=\"5.5.3\" \/>\n<input type=\"hidden\" name=\"_wpcf7_locale\" value=\"en_US\" \/>\n<input type=\"hidden\" name=\"_wpcf7_unit_tag\" value=\"wpcf7-f8208-o1\" \/>\n<input type=\"hidden\" name=\"_wpcf7_container_post\" value=\"0\" \/>\n<input type=\"hidden\" name=\"_wpcf7_posted_data_hash\" value=\"\" \/>\n<input type=\"hidden\" name=\"_wpcf7_recaptcha_response\" value=\"\" \/>\n<\/div>\n<p><center><b>CR\u00c9EZ VOTRE SAC<\/b><\/center><\/p>\n<div class=\"row\">\n<div class=\"col-md-4 col-sm-4 col-xs-12\">\n<label>Quel produit souhaitez vous emballer? <span class=\"required\">*<\/span><br> <span class=\"wpcf7-form-control-wrap product\"><input type=\"text\" name=\"product\" value=\"\" size=\"40\" class=\"wpcf7-form-control wpcf7-text wpcf7-validates-as-required pm-bag\" aria-required=\"true\" aria-invalid=\"false\" \/><\/span><\/label>\n<\/div>\n<div class=\"col-md-4 col-sm-4 col-xs-12\">\n<label>Quantit\u00e9? <span class=\"required\">*<\/span><br> <span class=\"wpcf7-form-control-wrap quantity\"><select name=\"quantity\" class=\"wpcf7-form-control wpcf7-select wpcf7-validates-as-required pm-bag\" aria-required=\"true\" aria-invalid=\"false\"><option value=\"- - -\">- - -<\/option><option value=\"10 000 pcs\">10 000 pcs<\/option><option value=\"20 000 pcs\">20 000 pcs<\/option><option value=\"30 000 pcs\">30 000 pcs<\/option><option value=\"40 000 pcs\">40 000 pcs<\/option><option value=\"50 000 pcs\">50 000 pcs<\/option><option value=\"60 000 pcs\">60 000 pcs<\/option><option value=\"70 000 pcs\">70 000 pcs<\/option><option value=\"80 000 pcs\">80 000 pcs<\/option><option value=\"90 000 pcs\">90 000 pcs<\/option><option value=\"100 000 pcs\">100 000 pcs<\/option><option value=\"200 000+ pcs\">200 000+ pcs<\/option><\/select><\/span><\/label>\n<\/div>\n<div class=\"col-md-4 col-sm-4 col-xs-12\">\n<label>Dimensions ext\u00e9rieures du sac <span class=\"required\">*<\/span><br> <span class=\"wpcf7-form-control-wrap dimensions\"><input type=\"text\" name=\"dimensions\" value=\"\" size=\"40\" class=\"wpcf7-form-control wpcf7-text wpcf7-validates-as-required pm-bag\" aria-required=\"true\" aria-invalid=\"false\" placeholder=\"Longueur x Largeur en mm\" \/><\/span><\/label>\n<\/div>\n<p><br><br \/>\n<br><\/p>\n<div class=\"col-md-4 col-sm-4 col-xs-12\">\n<label>Combien de couleurs? <span class=\"required\">*<\/span><br> <span class=\"wpcf7-form-control-wrap color\"><select name=\"color\" class=\"wpcf7-form-control wpcf7-select wpcf7-validates-as-required pm-bag\" aria-required=\"true\" aria-invalid=\"false\"><option value=\"- - -\">- - -<\/option><option value=\"1\">1<\/option><option value=\"2\">2<\/option><option value=\"3\">3<\/option><option value=\"4\">4<\/option><option value=\"5\">5<\/option><option value=\"6\">6<\/option><option value=\"7\">7<\/option><option value=\"8\">8<\/option><\/select><\/span><\/label>\n<\/div>\n<div class=\"col-md-4 col-sm-4 col-xs-12\">\nSouhaitez-vous un vernis? <span class=\"wpcf7-form-control-wrap lacquer\"><span class=\"wpcf7-form-control wpcf7-radio\"><span class=\"wpcf7-list-item first\"><label><input type=\"radio\" name=\"lacquer\" value=\"OUI\" \/><span class=\"wpcf7-list-item-label\">OUI<\/span><\/label><\/span><span class=\"wpcf7-list-item last\"><label><input type=\"radio\" name=\"lacquer\" value=\"NON\" checked=\"checked\" \/><span class=\"wpcf7-list-item-label\">NON<\/span><\/label><\/span><\/span><\/span>\n<\/div>\n<\/div>\n<p><br><br \/>\n<br><br \/>\n<b>Arrangement possible du sac<\/b><br><\/p>\n<div class=\"additives-row\">\n<div class=\"additives\">\n<label><img id=\"additives\" src=\"https:\/\/flaigg.ch\/wp-content\/uploads\/2021\/10\/tylny_zgrzew.jpg\" width=\"120\" height= \"120\" alt=\"Soudage post\u00e9rieur\"\/><br><span class=\"wpcf7-form-control-wrap checkbox-tylny_zgrzew\"><span class=\"wpcf7-form-control wpcf7-checkbox additives-box\"><span class=\"wpcf7-list-item first last\"><label><input type=\"checkbox\" name=\"checkbox-tylny_zgrzew[]\" value=\"Soudage post\u00e9rieur\" \/><span class=\"wpcf7-list-item-label\">Soudage post\u00e9rieur<\/span><\/label><\/span><\/span><\/span><\/label>\n<\/div>\n<div class=\"additives\">\n<label><img id=\"additives\" src=\"https:\/\/flaigg.ch\/wp-content\/uploads\/2021\/09\/easy_open.jpg\" width=\"120\" height= \"120\" alt=\"Encoche ouverture facile\"\/><br><span class=\"wpcf7-form-control-wrap checkbox-easy-open\"><span class=\"wpcf7-form-control wpcf7-checkbox additives-box\"><span class=\"wpcf7-list-item first last\"><label><input type=\"checkbox\" name=\"checkbox-easy-open[]\" value=\"Encoche ouverture facile\" \/><span class=\"wpcf7-list-item-label\">Encoche ouverture facile<\/span><\/label><\/span><\/span><\/span><\/label>\n<\/div>\n<div class=\"additives\">\n<label><img id=\"additives\" src=\"https:\/\/flaigg.ch\/wp-content\/uploads\/2021\/09\/zawor.jpg\" width=\"120\" height= \"120\" alt=\"Valve de d\u00e9gazage\"\/><br><span class=\"wpcf7-form-control-wrap checkbox-zawor\"><span class=\"wpcf7-form-control wpcf7-checkbox additives-box\"><span class=\"wpcf7-list-item first last\"><label><input type=\"checkbox\" name=\"checkbox-zawor[]\" value=\"Valve de d\u00e9gazage\" \/><span class=\"wpcf7-list-item-label\">Valve de d\u00e9gazage<\/span><\/label><\/span><\/span><\/span><\/label>\n<\/div>\n<div class=\"additives\">\n<label><img id=\"additives\" src=\"https:\/\/flaigg.ch\/wp-content\/uploads\/2021\/09\/zawor_odp.jpg\" width=\"120\" height= \"120\" alt=\"Valve de d\u00e9gazage r\u00e9sistante \u00e0 l\u2019eau\"\/><br><span class=\"wpcf7-form-control-wrap checkbox-zawor_odp\"><span class=\"wpcf7-form-control wpcf7-checkbox additives-box\"><span class=\"wpcf7-list-item first last\"><label><input type=\"checkbox\" name=\"checkbox-zawor_odp[]\" value=\"Valve de d\u00e9gazage r\u00e9sistante \u00e0 l\u2019eau\" \/><span class=\"wpcf7-list-item-label\">Valve de d\u00e9gazage r\u00e9sistante \u00e0 l\u2019eau<\/span><\/label><\/span><\/span><\/span><\/label>\n<\/div>\n<div class=\"additives\">\n<label><img src=\"https:\/\/flaigg.ch\/wp-content\/uploads\/2021\/09\/euro-typ1.jpg\" width=\"120\" height= \"120\" alt=\"Perforation Euro Type 1\"\/><br><span class=\"wpcf7-form-control-wrap checkbox-euro-typ1\"><span class=\"wpcf7-form-control wpcf7-checkbox additives-box\"><span class=\"wpcf7-list-item first last\"><label><input type=\"checkbox\" name=\"checkbox-euro-typ1[]\" value=\"Perforation Euro Type 1\" \/><span class=\"wpcf7-list-item-label\">Perforation Euro Type 1<\/span><\/label><\/span><\/span><\/span><\/label>\n<\/div>\n<div class=\"additives\">\n<label><img id=\"additives\" src=\"https:\/\/flaigg.ch\/wp-content\/uploads\/2021\/09\/euro-typ2.jpg\" width=\"120\" height= \"120\" alt=\"Perforation Euro Type 2\"\/><br><span class=\"wpcf7-form-control-wrap checkbox-euro-typ2\"><span class=\"wpcf7-form-control wpcf7-checkbox additives-box\"><span class=\"wpcf7-list-item first last\"><label><input type=\"checkbox\" name=\"checkbox-euro-typ2[]\" value=\"Perforation Euro Type 2\" \/><span class=\"wpcf7-list-item-label\">Perforation Euro Type 2<\/span><\/label><\/span><\/span><\/span><\/label>\n<\/div>\n<div class=\"additives\">\n<label><img id=\"additives\" src=\"https:\/\/flaigg.ch\/wp-content\/uploads\/2021\/09\/okno.jpg\" width=\"120\" height= \"120\" alt=\"Fen\u00eatre transparente\"\/><br><span class=\"wpcf7-form-control-wrap checkbox-okno\"><span class=\"wpcf7-form-control wpcf7-checkbox additives-box\"><span class=\"wpcf7-list-item first last\"><label><input type=\"checkbox\" name=\"checkbox-okno[]\" value=\"Fen\u00eatre transparente\" \/><span class=\"wpcf7-list-item-label\">Fen\u00eatre transparente<\/span><\/label><\/span><\/span><\/span><\/label>\n<\/div>\n<div class=\"additives\">\n<label><img id=\"additives\" src=\"https:\/\/flaigg.ch\/wp-content\/uploads\/2021\/10\/zgrzew_k.jpg\" width=\"120\" height= \"120\" alt=\"Joint de type K\"\/><br><span class=\"wpcf7-form-control-wrap checkbox-zgrzew_k\"><span class=\"wpcf7-form-control wpcf7-checkbox additives-box\"><span class=\"wpcf7-list-item first last\"><label><input type=\"checkbox\" name=\"checkbox-zgrzew_k[]\" value=\"Joint de type K\" \/><span class=\"wpcf7-list-item-label\">Joint de type K<\/span><\/label><\/span><\/span><\/span><\/label>\n<\/div>\n<\/div>\n<hr>\n<div class=\"form-row\">\n<b>D\u00e9tails du contact<\/b><br \/>\n<br><\/p>\n<div class=\"row\">\n<div class=\"col-md-4 col-sm-4 col-xs-12\">\n<label> Entreprise <span class=\"required\">*<\/span> <span class=\"wpcf7-form-control-wrap company\"><input type=\"text\" name=\"company\" value=\"\" size=\"40\" class=\"wpcf7-form-control wpcf7-text wpcf7-validates-as-required pm-bag\" aria-required=\"true\" aria-invalid=\"false\" \/><\/span> <\/label>\n<\/div>\n<div class=\"col-md-4 col-sm-4 col-xs-12\">\n<label> Nom de famille <span class=\"required\">*<\/span> <span class=\"wpcf7-form-control-wrap name-1\"><input type=\"text\" name=\"name-1\" value=\"\" size=\"40\" class=\"wpcf7-form-control wpcf7-text wpcf7-validates-as-required pm-bag\" aria-required=\"true\" aria-invalid=\"false\" \/><\/span> <\/label>\n<\/div>\n<div class=\"col-md-4 col-sm-4 col-xs-12\">\n<label> Num\u00e9ro de rue <span class=\"required\">*<\/span> <span class=\"wpcf7-form-control-wrap street\"><input type=\"text\" name=\"street\" value=\"\" size=\"40\" class=\"wpcf7-form-control wpcf7-text wpcf7-validates-as-required pm-bag\" aria-required=\"true\" aria-invalid=\"false\" \/><\/span> <\/label>\n<\/div>\n<p><br><br \/>\n<br><\/p>\n<div class=\"col-md-4 col-sm-4 col-xs-12\">\n<label> Code postal \/ Ville <span class=\"required\">*<\/span> <span class=\"wpcf7-form-control-wrap city\"><input type=\"text\" name=\"city\" value=\"\" size=\"40\" class=\"wpcf7-form-control wpcf7-text wpcf7-validates-as-required pm-bag\" aria-required=\"true\" aria-invalid=\"false\" \/><\/span> <\/label>\n<\/div>\n<div class=\"col-md-4 col-sm-4 col-xs-12\">\n<label> Email <span class=\"required\">*<\/span> <span class=\"wpcf7-form-control-wrap your-email\"><input type=\"email\" name=\"your-email\" value=\"\" size=\"40\" class=\"wpcf7-form-control wpcf7-text wpcf7-email wpcf7-validates-as-required wpcf7-validates-as-email pm-bag\" aria-required=\"true\" aria-invalid=\"false\" \/><\/span> <\/label>\n<\/div>\n<div class=\"col-md-4 col-sm-4 col-xs-12\">\n<label> T\u00e9l\u00e9phone <span class=\"required\">*<\/span> <span class=\"wpcf7-form-control-wrap phone\"><input type=\"tel\" name=\"phone\" value=\"\" size=\"40\" class=\"wpcf7-form-control wpcf7-text wpcf7-tel wpcf7-validates-as-required wpcf7-validates-as-tel pm-bag\" aria-required=\"true\" aria-invalid=\"false\" \/><\/span> <\/label>\n<\/div>\n<\/div>\n<p><br><br \/>\n<label> Message (optionnel) <span class=\"wpcf7-form-control-wrap your-message\"><textarea name=\"your-message\" cols=\"40\" rows=\"10\" class=\"wpcf7-form-control wpcf7-textarea pm-bag\" aria-invalid=\"false\"><\/textarea><\/span> <\/label>\n<\/div>\n<p><center> <input type=\"submit\" value=\"Envoyer\" class=\"wpcf7-form-control has-spinner wpcf7-submit\" \/> <\/center><\/p>\n<div class=\"wpcf7-response-output\" aria-hidden=\"true\"><\/div><\/form><\/div>[\/vc_column][\/vc_row]<\/p>","protected":false},"excerpt":{"rendered":"<p>[vc_row][vc_column width=\u00a0\u00bb1\/2&Prime;][vc_single_image image=\u00a0\u00bb8045&Prime; img_size=\u00a0\u00bbmedium\u00a0\u00bb title=\u00a0\u00bbTypes possibles de sac\u00a0\u00bb][\/vc_column][vc_column width=\u00a0\u00bb1\/2&Prime;][vc_single_image image=\u00a0\u00bb8047&Prime; img_size=\u00a0\u00bbfull\u00a0\u00bb alignment=\u00a0\u00bbright\u00a0\u00bb css_animation=\u00a0\u00bbbounceInLeft\u00a0\u00bb][\/vc_column][\/vc_row][vc_row][vc_column][\/vc_column][\/vc_row]<\/p>\n","protected":false},"author":10,"featured_media":0,"parent":0,"menu_order":0,"comment_status":"closed","ping_status":"closed","template":"","meta":[],"_links":{"self":[{"href":"https:\/\/flaigg.ch\/fr\/wp-json\/wp\/v2\/pages\/8245"}],"collection":[{"href":"https:\/\/flaigg.ch\/fr\/wp-json\/wp\/v2\/pages"}],"about":[{"href":"https:\/\/flaigg.ch\/fr\/wp-json\/wp\/v2\/types\/page"}],"author":[{"embeddable":true,"href":"https:\/\/flaigg.ch\/fr\/wp-json\/wp\/v2\/users\/10"}],"replies":[{"embeddable":true,"href":"https:\/\/flaigg.ch\/fr\/wp-json\/wp\/v2\/comments?post=8245"}],"version-history":[{"count":2,"href":"https:\/\/flaigg.ch\/fr\/wp-json\/wp\/v2\/pages\/8245\/revisions"}],"predecessor-version":[{"id":8247,"href":"https:\/\/flaigg.ch\/fr\/wp-json\/wp\/v2\/pages\/8245\/revisions\/8247"}],"wp:attachment":[{"href":"https:\/\/flaigg.ch\/fr\/wp-json\/wp\/v2\/media?parent=8245"}],"curies":[{"name":"wp","href":"https:\/\/api.w.org\/{rel}","templated":true}]}}