{"id":7476,"date":"2021-05-25T06:52:45","date_gmt":"2021-05-25T06:52:45","guid":{"rendered":"https:\/\/flaigg.ch\/produktion\/"},"modified":"2021-11-25T10:48:58","modified_gmt":"2021-11-25T10:48:58","slug":"production","status":"publish","type":"page","link":"https:\/\/flaigg.ch\/fr\/production\/","title":{"rendered":"Production"},"content":{"rendered":"<p>[vc_row][vc_column][vc_column_text]<img decoding=\"async\" class=\"alignleft wp-image-6086\" src=\"https:\/\/jd5x4amgha.preview.infomaniak.website\/wp-content\/uploads\/2021\/04\/Flaigg-Produktion-e1621945912603.jpg\" alt=\"Produktion Verpackungen Flaigg Schweiz\" width=\"515\" height=\"204\" srcset=\"https:\/\/flaigg.ch\/wp-content\/uploads\/2021\/04\/Flaigg-Produktion-e1621945912603.jpg 1316w, https:\/\/flaigg.ch\/wp-content\/uploads\/2021\/04\/Flaigg-Produktion-e1621945912603-600x238.jpg 600w, https:\/\/flaigg.ch\/wp-content\/uploads\/2021\/04\/Flaigg-Produktion-e1621945912603-300x119.jpg 300w, https:\/\/flaigg.ch\/wp-content\/uploads\/2021\/04\/Flaigg-Produktion-e1621945912603-1024x405.jpg 1024w, https:\/\/flaigg.ch\/wp-content\/uploads\/2021\/04\/Flaigg-Produktion-e1621945912603-768x304.jpg 768w, https:\/\/flaigg.ch\/wp-content\/uploads\/2021\/04\/Flaigg-Produktion-e1621945912603-370x146.jpg 370w, https:\/\/flaigg.ch\/wp-content\/uploads\/2021\/04\/Flaigg-Produktion-e1621945912603-540x214.jpg 540w\" sizes=\"(max-width: 515px) 100vw, 515px\" \/><\/p>\n<div style=\"font-size: 16px;\">\n<p>Les connaissances acquises au fil des ans en mati\u00e8re d\u2019emballage ne sont pas uniquement utilis\u00e9es pour la fabrication de nos propres lignes de produits. Avec nos partenaires de production de longue date, nous harmonisons les sp\u00e9cifications des processus et les optimisons dans la mesure du possible. Nous r\u00e9alisons des formes, des couleurs, des concepts d\u2019emballage et des d\u00e9corations sp\u00e9ciales \u00e0 partir d\u2019une quantit\u00e9 de production de 1000 pi\u00e8ces. De plus grandes quantit\u00e9s de r\u00e9cipients en plastique sont produites par Bech Packaging en Pologne \u00e0 des prix comp\u00e9titifs au niveau international.<br \/>\nNous proposons en outre un vaste assortiment d\u2019emballages standard en verre, en plastique et en m\u00e9tal, avec les fermetures et les pompes correspondantes.<\/p>\n<\/div>\n<p>[\/vc_column_text][\/vc_column][\/vc_row]<\/p>","protected":false},"excerpt":{"rendered":"<p>[vc_row][vc_column][vc_column_text] Les connaissances acquises au fil des ans en mati\u00e8re d\u2019emballage ne sont pas uniquement utilis\u00e9es pour la fabrication de nos propres lignes de produits. Avec nos partenaires de production&hellip;<\/p>\n","protected":false},"author":4,"featured_media":0,"parent":0,"menu_order":0,"comment_status":"closed","ping_status":"closed","template":"","meta":{"footnotes":""},"class_list":["post-7476","page","type-page","status-publish","hentry"],"_links":{"self":[{"href":"https:\/\/flaigg.ch\/fr\/wp-json\/wp\/v2\/pages\/7476","targetHints":{"allow":["GET"]}}],"collection":[{"href":"https:\/\/flaigg.ch\/fr\/wp-json\/wp\/v2\/pages"}],"about":[{"href":"https:\/\/flaigg.ch\/fr\/wp-json\/wp\/v2\/types\/page"}],"author":[{"embeddable":true,"href":"https:\/\/flaigg.ch\/fr\/wp-json\/wp\/v2\/users\/4"}],"replies":[{"embeddable":true,"href":"https:\/\/flaigg.ch\/fr\/wp-json\/wp\/v2\/comments?post=7476"}],"version-history":[{"count":2,"href":"https:\/\/flaigg.ch\/fr\/wp-json\/wp\/v2\/pages\/7476\/revisions"}],"predecessor-version":[{"id":8313,"href":"https:\/\/flaigg.ch\/fr\/wp-json\/wp\/v2\/pages\/7476\/revisions\/8313"}],"wp:attachment":[{"href":"https:\/\/flaigg.ch\/fr\/wp-json\/wp\/v2\/media?parent=7476"}],"curies":[{"name":"wp","href":"https:\/\/api.w.org\/{rel}","templated":true}]}}